{"id":9827,"date":"2019-09-12T14:04:06","date_gmt":"2019-09-12T13:04:06","guid":{"rendered":"https:\/\/www.terzer.it\/prodotti\/betonsanierungen\/"},"modified":"2019-11-26T10:21:46","modified_gmt":"2019-11-26T09:21:46","slug":"risanamenti-c-l-s","status":"publish","type":"page","link":"https:\/\/terzer.it\/it\/prodotti\/risanamenti-c-l-s\/","title":{"rendered":"Risanamenti c.l.s."},"content":{"rendered":"<p>[vc_row row_btt_skin=&#8221;light&#8221; row_background_text_position=&#8221;front&#8221; row_background_text_align=&#8221;left&#8221; row_background_text_1=&#8221;Risanamenti c.l.s.&#8221; row_background_text_size=&#8221;180px&#8221; row_background_text_padding_left=&#8221;234px&#8221; row_background_text_padding_top=&#8221;64px&#8221; row_background_text_color=&#8221;#dedfe0&#8243; row_background_text_padding_left_1440=&#8221;2.9%&#8221; row_background_text_size_1440=&#8221;180px&#8221; row_background_text_size_1280=&#8221;180px&#8221; row_background_text_padding_left_1280=&#8221;2.9%&#8221;][vc_column]<div class=\"mkdf-elements-holder   mkdf-one-column  mkdf-responsive-mode-768 \" ><div class=\"mkdf-eh-item    \"  data-item-class=\"mkdf-eh-custom-1172\" data-1367-1600=\"141px 0 0 58px\" data-1025-1366=\"141px 0 0 120px\" data-769-1024=\"95px 0 0 117px\" data-681-768=\"95px 0 0 73px\" data-680=\"97px 0 0 27px\">\n\t<div class=\"mkdf-eh-item-inner\">\n\t\t<div class=\"mkdf-eh-item-content mkdf-eh-custom-1172\" style=\"padding: 141px 0 0 297px\">\n\t\t\t[vc_column_text]<\/p>\n<h2>RISANAMENTI C.L.S.<\/h2>\n<p>[\/vc_column_text]\t\t<\/div>\n\t<\/div>\n<\/div><\/div>[\/vc_column][\/vc_row][vc_row row_content_width=&#8221;grid&#8221; row_btt_skin=&#8221;light&#8221; row_background_text_position=&#8221;front&#8221; css=&#8221;.vc_custom_1567599020398{padding-top: 50px !important;}&#8221;][vc_column]<div class=\"mkdf-elements-holder   mkdf-one-column  mkdf-responsive-mode-768 \" ><div class=\"mkdf-eh-item    \"  data-item-class=\"mkdf-eh-custom-7711\">\n\t<div class=\"mkdf-eh-item-inner\">\n\t\t<div class=\"mkdf-eh-item-content mkdf-eh-custom-7711\" >\n\t\t\t[vc_column_text]Per decenni, la nostra azienda ha maturato esperienza nel restauro di calcestruzzo. Dalle ristrutturazioni strutturali ai semplici lavori di pressatura o riparazione delle crepe sul calcestruzzo. Abbiamo il &#8220;know how&#8221;.[\/vc_column_text]\t\t<\/div>\n\t<\/div>\n<\/div><\/div>[\/vc_column][\/vc_row][vc_row row_content_width=&#8221;grid&#8221; row_btt_skin=&#8221;light&#8221; row_background_text_position=&#8221;front&#8221; css=&#8221;.vc_custom_1568293467715{padding-top: 70px !important;padding-bottom: 60px !important;}&#8221;][vc_column]<div class=\"mkdf-elements-holder   mkdf-three-columns  mkdf-responsive-mode-768 \" ><div class=\"mkdf-eh-item    \"  data-item-class=\"mkdf-eh-custom-9464\" data-1367-1600=\"0 20px 0 82px\" data-1025-1366=\"0 20px 0 72px\" data-769-1024=\"0 0px 0 60px\" data-681-768=\"0 85px 0\" data-680=\"0 38px 0\">\n\t<div class=\"mkdf-eh-item-inner\">\n\t\t<div class=\"mkdf-eh-item-content mkdf-eh-custom-9464\" style=\"padding: 0 0px 0 160px\">\n\t\t\t[vc_single_image image=&#8221;10070&#8243; img_size=&#8221;&#8221;][vc_column_text]Garges sotteranei S. Paolo[\/vc_column_text]\t\t<\/div>\n\t<\/div>\n<\/div><div class=\"mkdf-eh-item    \"  data-item-class=\"mkdf-eh-custom-8766\" data-1367-1600=\"0 51px 0\" data-1025-1366=\"0 46px 0\" data-769-1024=\"0 30px 0 30px\" data-681-768=\"61px 85px 61px\" data-680=\"62px 38px 72px\">\n\t<div class=\"mkdf-eh-item-inner\">\n\t\t<div class=\"mkdf-eh-item-content mkdf-eh-custom-8766\" style=\"padding: 0 80px 0 80px\">\n\t\t\t[vc_single_image image=&#8221;9851&#8243; img_size=&#8221;&#8221;][vc_column_text]Funivia Colle[\/vc_column_text]\t\t<\/div>\n\t<\/div>\n<\/div><div class=\"mkdf-eh-item    \"  data-item-class=\"mkdf-eh-custom-1631\" data-1367-1600=\"0 82px 0 20px\" data-1025-1366=\"0 72px 0 20px\" data-769-1024=\"0 60px 0 0px\" data-681-768=\"0 85px 0\" data-680=\"0 38px 0\">\n\t<div class=\"mkdf-eh-item-inner\">\n\t\t<div class=\"mkdf-eh-item-content mkdf-eh-custom-1631\" style=\"padding: 0 160px 0 0px\">\n\t\t\t[vc_single_image image=&#8221;9855&#8243; img_size=&#8221;&#8221;][vc_column_text]Depuratore Glorenza[\/vc_column_text]\t\t<\/div>\n\t<\/div>\n<\/div><\/div>[\/vc_column][\/vc_row][vc_row row_content_width=&#8221;grid&#8221; row_btt_skin=&#8221;light&#8221; row_background_text_position=&#8221;front&#8221; css=&#8221;.vc_custom_1568293467715{padding-top: 70px !important;padding-bottom: 60px !important;}&#8221;][vc_column]<div class=\"mkdf-elements-holder   mkdf-three-columns  mkdf-responsive-mode-768 \" ><div class=\"mkdf-eh-item    \"  data-item-class=\"mkdf-eh-custom-8347\" data-1367-1600=\"0 20px 0 82px\" data-1025-1366=\"0 20px 0 72px\" data-769-1024=\"0 0px 0 60px\" data-681-768=\"0 85px 0\" data-680=\"0 38px 0\">\n\t<div class=\"mkdf-eh-item-inner\">\n\t\t<div class=\"mkdf-eh-item-content mkdf-eh-custom-8347\" style=\"padding: 0 0px 0 160px\">\n\t\t\t[vc_single_image image=&#8221;9853&#8243; img_size=&#8221;&#8221;][vc_column_text]Funivia Verano[\/vc_column_text]\t\t<\/div>\n\t<\/div>\n<\/div><div class=\"mkdf-eh-item    \"  data-item-class=\"mkdf-eh-custom-1114\" data-1367-1600=\"0 51px 0\" data-1025-1366=\"0 46px 0\" data-769-1024=\"0 30px 0 30px\" data-681-768=\"61px 85px 61px\" data-680=\"62px 38px 72px\">\n\t<div class=\"mkdf-eh-item-inner\">\n\t\t<div class=\"mkdf-eh-item-content mkdf-eh-custom-1114\" style=\"padding: 0 80px 0 80px\">\n\t\t\t[vc_single_image image=&#8221;9857&#8243; img_size=&#8221;&#8221;][vc_column_text]Depuratore Magr\u00e9[\/vc_column_text]\t\t<\/div>\n\t<\/div>\n<\/div><div class=\"mkdf-eh-item    \"  data-item-class=\"mkdf-eh-custom-1293\" data-1367-1600=\"0 82px 0 20px\" data-1025-1366=\"0 72px 0 20px\" data-769-1024=\"0 60px 0 0px\" data-681-768=\"0 85px 0\" data-680=\"0 38px 0\">\n\t<div class=\"mkdf-eh-item-inner\">\n\t\t<div class=\"mkdf-eh-item-content mkdf-eh-custom-1293\" style=\"padding: 0 160px 0 0px\">\n\t\t\t[vc_single_image image=&#8221;9859&#8243; img_size=&#8221;&#8221;][vc_column_text]Funivia Trafoi[\/vc_column_text]\t\t<\/div>\n\t<\/div>\n<\/div><\/div>[\/vc_column][\/vc_row]<\/p>\n","protected":false},"excerpt":{"rendered":"<p>[vc_row row_btt_skin=&#8221;light&#8221; row_background_text_position=&#8221;front&#8221; row_background_text_align=&#8221;left&#8221; row_background_text_1=&#8221;Risanamenti c.l.s.&#8221; row_background_text_size=&#8221;180px&#8221; row_background_text_padding_left=&#8221;234px&#8221; row_background_text_padding_top=&#8221;64px&#8221; row_background_text_color=&#8221;#dedfe0&#8243; row_background_text_padding_left_1440=&#8221;2.9%&#8221; row_background_text_size_1440=&#8221;180px&#8221; row_background_text_size_1280=&#8221;180px&#8221; row_background_text_padding_left_1280=&#8221;2.9%&#8221;][vc_column][\/vc_column][\/vc_row][vc_row row_content_width=&#8221;grid&#8221; row_btt_skin=&#8221;light&#8221; row_background_text_position=&#8221;front&#8221; css=&#8221;.vc_custom_1567599020398{padding-top: 50px !important;}&#8221;][vc_column][\/vc_column][\/vc_row][vc_row row_content_width=&#8221;grid&#8221; row_btt_skin=&#8221;light&#8221; row_background_text_position=&#8221;front&#8221; css=&#8221;.vc_custom_1568293467715{padding-top: 70px !important;padding-bottom: 60px !important;}&#8221;][vc_column][\/vc_column][\/vc_row][vc_row row_content_width=&#8221;grid&#8221; row_btt_skin=&#8221;light&#8221; row_background_text_position=&#8221;front&#8221; css=&#8221;.vc_custom_1568293467715{padding-top: 70px !important;padding-bottom: 60px !important;}&#8221;][vc_column][\/vc_column][\/vc_row]<\/p>\n","protected":false},"author":1,"featured_media":0,"parent":9059,"menu_order":0,"comment_status":"closed","ping_status":"closed","template":"full-width.php","meta":{"_exactmetrics_skip_tracking":false,"_exactmetrics_sitenote_active":false,"_exactmetrics_sitenote_note":"","_exactmetrics_sitenote_category":0,"footnotes":""},"yoast_head":"<!-- This site is optimized with the Yoast SEO plugin v22.3 - https:\/\/yoast.com\/wordpress\/plugins\/seo\/ -->\n<title>Risanamenti c.l.s. - Baustoffe | Materiali edili Roman Terzer<\/title>\n<meta name=\"description\" content=\"Unsere 6 Filialen erm\u00f6glichen es uns einen direkten Draht zu unseren Kunden zu gew\u00e4hrleisten. Immer in Ihrer N\u00e4he und direkt am Geschehen.\" \/>\n<meta name=\"robots\" content=\"index, follow, max-snippet:-1, max-image-preview:large, max-video-preview:-1\" \/>\n<link rel=\"canonical\" href=\"https:\/\/terzer.it\/it\/prodotti\/risanamenti-c-l-s\/\" \/>\n<meta property=\"og:locale\" content=\"it_IT\" \/>\n<meta property=\"og:type\" content=\"article\" \/>\n<meta property=\"og:title\" content=\"Risanamenti c.l.s. - Baustoffe | Materiali edili Roman Terzer\" \/>\n<meta property=\"og:description\" content=\"Unsere 6 Filialen erm\u00f6glichen es uns einen direkten Draht zu unseren Kunden zu gew\u00e4hrleisten. Immer in Ihrer N\u00e4he und direkt am Geschehen.\" \/>\n<meta property=\"og:url\" content=\"https:\/\/terzer.it\/it\/prodotti\/risanamenti-c-l-s\/\" \/>\n<meta property=\"og:site_name\" content=\"Baustoffe | Materiali edili Roman Terzer\" \/>\n<meta property=\"article:modified_time\" content=\"2019-11-26T09:21:46+00:00\" \/>\n<meta name=\"twitter:card\" content=\"summary_large_image\" \/>\n<meta name=\"twitter:label1\" content=\"Tempo di lettura stimato\" \/>\n\t<meta name=\"twitter:data1\" content=\"3 minuti\" \/>\n<script type=\"application\/ld+json\" class=\"yoast-schema-graph\">{\"@context\":\"https:\/\/schema.org\",\"@graph\":[{\"@type\":\"WebPage\",\"@id\":\"https:\/\/terzer.it\/it\/prodotti\/risanamenti-c-l-s\/\",\"url\":\"https:\/\/terzer.it\/it\/prodotti\/risanamenti-c-l-s\/\",\"name\":\"Risanamenti c.l.s. - Baustoffe | Materiali edili Roman Terzer\",\"isPartOf\":{\"@id\":\"https:\/\/terzer.it\/it\/#website\"},\"datePublished\":\"2019-09-12T13:04:06+00:00\",\"dateModified\":\"2019-11-26T09:21:46+00:00\",\"description\":\"Unsere 6 Filialen erm\u00f6glichen es uns einen direkten Draht zu unseren Kunden zu gew\u00e4hrleisten. Immer in Ihrer N\u00e4he und direkt am Geschehen.\",\"breadcrumb\":{\"@id\":\"https:\/\/terzer.it\/it\/prodotti\/risanamenti-c-l-s\/#breadcrumb\"},\"inLanguage\":\"it-IT\",\"potentialAction\":[{\"@type\":\"ReadAction\",\"target\":[\"https:\/\/terzer.it\/it\/prodotti\/risanamenti-c-l-s\/\"]}]},{\"@type\":\"BreadcrumbList\",\"@id\":\"https:\/\/terzer.it\/it\/prodotti\/risanamenti-c-l-s\/#breadcrumb\",\"itemListElement\":[{\"@type\":\"ListItem\",\"position\":1,\"name\":\"Startseite\",\"item\":\"https:\/\/terzer.it\/it\/\"},{\"@type\":\"ListItem\",\"position\":2,\"name\":\"Prodotti\",\"item\":\"https:\/\/terzer.it\/it\/baustoffe\/\"},{\"@type\":\"ListItem\",\"position\":3,\"name\":\"Risanamenti c.l.s.\"}]},{\"@type\":\"WebSite\",\"@id\":\"https:\/\/terzer.it\/it\/#website\",\"url\":\"https:\/\/terzer.it\/it\/\",\"name\":\"Baustoffe | Materiali edili Roman Terzer\",\"description\":\"Baustoffhandel | Materiali edilli - Eisen | Ferro - Beratung | Consulenza\",\"publisher\":{\"@id\":\"https:\/\/terzer.it\/it\/#organization\"},\"potentialAction\":[{\"@type\":\"SearchAction\",\"target\":{\"@type\":\"EntryPoint\",\"urlTemplate\":\"https:\/\/terzer.it\/it\/?s={search_term_string}\"},\"query-input\":\"required name=search_term_string\"}],\"inLanguage\":\"it-IT\"},{\"@type\":\"Organization\",\"@id\":\"https:\/\/terzer.it\/it\/#organization\",\"name\":\"Baustoffe Roman Terzer GmbH\",\"url\":\"https:\/\/terzer.it\/it\/\",\"logo\":{\"@type\":\"ImageObject\",\"inLanguage\":\"it-IT\",\"@id\":\"https:\/\/terzer.it\/it\/#\/schema\/logo\/image\/\",\"url\":\"https:\/\/195.231.50.101\/wp-content\/uploads\/2019\/08\/Logo_Men\u00fc_302x701_Zeichenfl\u00e4che-1.jpg\",\"contentUrl\":\"https:\/\/195.231.50.101\/wp-content\/uploads\/2019\/08\/Logo_Men\u00fc_302x701_Zeichenfl\u00e4che-1.jpg\",\"width\":302,\"height\":70,\"caption\":\"Baustoffe Roman Terzer GmbH\"},\"image\":{\"@id\":\"https:\/\/terzer.it\/it\/#\/schema\/logo\/image\/\"}}]}<\/script>\n<!-- \/ Yoast SEO plugin. -->","yoast_head_json":{"title":"Risanamenti c.l.s. - Baustoffe | Materiali edili Roman Terzer","description":"Unsere 6 Filialen erm\u00f6glichen es uns einen direkten Draht zu unseren Kunden zu gew\u00e4hrleisten. Immer in Ihrer N\u00e4he und direkt am Geschehen.","robots":{"index":"index","follow":"follow","max-snippet":"max-snippet:-1","max-image-preview":"max-image-preview:large","max-video-preview":"max-video-preview:-1"},"canonical":"https:\/\/terzer.it\/it\/prodotti\/risanamenti-c-l-s\/","og_locale":"it_IT","og_type":"article","og_title":"Risanamenti c.l.s. - Baustoffe | Materiali edili Roman Terzer","og_description":"Unsere 6 Filialen erm\u00f6glichen es uns einen direkten Draht zu unseren Kunden zu gew\u00e4hrleisten. Immer in Ihrer N\u00e4he und direkt am Geschehen.","og_url":"https:\/\/terzer.it\/it\/prodotti\/risanamenti-c-l-s\/","og_site_name":"Baustoffe | Materiali edili Roman Terzer","article_modified_time":"2019-11-26T09:21:46+00:00","twitter_card":"summary_large_image","twitter_misc":{"Tempo di lettura stimato":"3 minuti"},"schema":{"@context":"https:\/\/schema.org","@graph":[{"@type":"WebPage","@id":"https:\/\/terzer.it\/it\/prodotti\/risanamenti-c-l-s\/","url":"https:\/\/terzer.it\/it\/prodotti\/risanamenti-c-l-s\/","name":"Risanamenti c.l.s. - Baustoffe | Materiali edili Roman Terzer","isPartOf":{"@id":"https:\/\/terzer.it\/it\/#website"},"datePublished":"2019-09-12T13:04:06+00:00","dateModified":"2019-11-26T09:21:46+00:00","description":"Unsere 6 Filialen erm\u00f6glichen es uns einen direkten Draht zu unseren Kunden zu gew\u00e4hrleisten. Immer in Ihrer N\u00e4he und direkt am Geschehen.","breadcrumb":{"@id":"https:\/\/terzer.it\/it\/prodotti\/risanamenti-c-l-s\/#breadcrumb"},"inLanguage":"it-IT","potentialAction":[{"@type":"ReadAction","target":["https:\/\/terzer.it\/it\/prodotti\/risanamenti-c-l-s\/"]}]},{"@type":"BreadcrumbList","@id":"https:\/\/terzer.it\/it\/prodotti\/risanamenti-c-l-s\/#breadcrumb","itemListElement":[{"@type":"ListItem","position":1,"name":"Startseite","item":"https:\/\/terzer.it\/it\/"},{"@type":"ListItem","position":2,"name":"Prodotti","item":"https:\/\/terzer.it\/it\/baustoffe\/"},{"@type":"ListItem","position":3,"name":"Risanamenti c.l.s."}]},{"@type":"WebSite","@id":"https:\/\/terzer.it\/it\/#website","url":"https:\/\/terzer.it\/it\/","name":"Baustoffe | Materiali edili Roman Terzer","description":"Baustoffhandel | Materiali edilli - Eisen | Ferro - Beratung | Consulenza","publisher":{"@id":"https:\/\/terzer.it\/it\/#organization"},"potentialAction":[{"@type":"SearchAction","target":{"@type":"EntryPoint","urlTemplate":"https:\/\/terzer.it\/it\/?s={search_term_string}"},"query-input":"required name=search_term_string"}],"inLanguage":"it-IT"},{"@type":"Organization","@id":"https:\/\/terzer.it\/it\/#organization","name":"Baustoffe Roman Terzer GmbH","url":"https:\/\/terzer.it\/it\/","logo":{"@type":"ImageObject","inLanguage":"it-IT","@id":"https:\/\/terzer.it\/it\/#\/schema\/logo\/image\/","url":"https:\/\/195.231.50.101\/wp-content\/uploads\/2019\/08\/Logo_Men\u00fc_302x701_Zeichenfl\u00e4che-1.jpg","contentUrl":"https:\/\/195.231.50.101\/wp-content\/uploads\/2019\/08\/Logo_Men\u00fc_302x701_Zeichenfl\u00e4che-1.jpg","width":302,"height":70,"caption":"Baustoffe Roman Terzer GmbH"},"image":{"@id":"https:\/\/terzer.it\/it\/#\/schema\/logo\/image\/"}}]}},"_links":{"self":[{"href":"https:\/\/terzer.it\/it\/wp-json\/wp\/v2\/pages\/9827"}],"collection":[{"href":"https:\/\/terzer.it\/it\/wp-json\/wp\/v2\/pages"}],"about":[{"href":"https:\/\/terzer.it\/it\/wp-json\/wp\/v2\/types\/page"}],"author":[{"embeddable":true,"href":"https:\/\/terzer.it\/it\/wp-json\/wp\/v2\/users\/1"}],"replies":[{"embeddable":true,"href":"https:\/\/terzer.it\/it\/wp-json\/wp\/v2\/comments?post=9827"}],"version-history":[{"count":4,"href":"https:\/\/terzer.it\/it\/wp-json\/wp\/v2\/pages\/9827\/revisions"}],"predecessor-version":[{"id":10541,"href":"https:\/\/terzer.it\/it\/wp-json\/wp\/v2\/pages\/9827\/revisions\/10541"}],"up":[{"embeddable":true,"href":"https:\/\/terzer.it\/it\/wp-json\/wp\/v2\/pages\/9059"}],"wp:attachment":[{"href":"https:\/\/terzer.it\/it\/wp-json\/wp\/v2\/media?parent=9827"}],"curies":[{"name":"wp","href":"https:\/\/api.w.org\/{rel}","templated":true}]}}